{"id":2,"date":"2014-01-14T11:17:03","date_gmt":"2014-01-14T11:17:03","guid":{"rendered":"http:\/\/localhost\/wordpress-3.7\/wordpress\/?page_id=2"},"modified":"2022-04-14T18:36:53","modified_gmt":"2022-04-14T18:36:53","slug":"sample-page","status":"publish","type":"page","link":"https:\/\/www.ab-sailer.de\/?page_id=2","title":{"rendered":"Impressum"},"content":{"rendered":"\n<div style=\"height:77px\" aria-hidden=\"true\" class=\"wp-block-spacer\"><\/div>\n\n\n<p>Gneisenaustr. 2, D-10961 Berlin<br>Tel +49(0) 30 39839470<br>Fax +49(0) 30 39838109<br>info@ab-sailer.de<\/p>\n<p>Lukas Sailer ist verantwortlich f\u00fcr den Inhalt der Website.<\/p>\n<p>Trotz sorgf\u00e4ltiger Bearbeitung und \u00dcberpr\u00fcfung \u00fcbernimmt Lukas Sailer keine Gew\u00e4hr f\u00fcr die Aktualit\u00e4t, Richtigkeit, Vollst\u00e4ndigkeit oder Qualit\u00e4t der bereitgestellten Informationen.<br>Trotz sorgf\u00e4ltiger inhaltlicher Kontrolle \u00fcbernimmt Lukas Sailer keine Haftung f\u00fcr die Inhalte externer Links. F\u00fcr den Inhalt der verlinkten Seiten sind ausschlie\u00dflich deren Betreiber verantwortlich.<br>Alle Inhalte dieser Website unterliegen dem Urheberrecht und anderen Gesetzen zum Schutze geistigen Eigentums.<br>Die Website ist nur f\u00fcr den pers\u00f6nlichen Gebrauch bestimmt und darf nicht f\u00fcr gesch\u00e4ftliche Zwecke verwendet werden.<br>Eine Vervielf\u00e4ltigung oder Verwendung der Inhalte ist ohne ausdr\u00fcckliche schriftliche Genehmigung von Lukas Sailer nicht gestattet.<\/p>\n\n\n<p><\/p>\n","protected":false},"excerpt":{"rendered":"<p>Gneisenaustr. 2, D-10961 BerlinTel +49(0) 30 39839470Fax +49(0) 30 39838109info@ab-sailer.de Lukas Sailer<a class=\"read-more\" href=\"https:\/\/www.ab-sailer.de\/?page_id=2\" rel=\"nofollow\"> &#8230;<\/a><\/p>\n","protected":false},"author":2,"featured_media":0,"parent":0,"menu_order":0,"comment_status":"closed","ping_status":"closed","template":"","meta":{"ngg_post_thumbnail":0,"footnotes":""},"class_list":["post-2","page","type-page","status-publish","hentry","shapla-grid-item"],"jetpack_sharing_enabled":true,"_links":{"self":[{"href":"https:\/\/www.ab-sailer.de\/index.php?rest_route=\/wp\/v2\/pages\/2","targetHints":{"allow":["GET"]}}],"collection":[{"href":"https:\/\/www.ab-sailer.de\/index.php?rest_route=\/wp\/v2\/pages"}],"about":[{"href":"https:\/\/www.ab-sailer.de\/index.php?rest_route=\/wp\/v2\/types\/page"}],"author":[{"embeddable":true,"href":"https:\/\/www.ab-sailer.de\/index.php?rest_route=\/wp\/v2\/users\/2"}],"replies":[{"embeddable":true,"href":"https:\/\/www.ab-sailer.de\/index.php?rest_route=%2Fwp%2Fv2%2Fcomments&post=2"}],"version-history":[{"count":14,"href":"https:\/\/www.ab-sailer.de\/index.php?rest_route=\/wp\/v2\/pages\/2\/revisions"}],"predecessor-version":[{"id":933,"href":"https:\/\/www.ab-sailer.de\/index.php?rest_route=\/wp\/v2\/pages\/2\/revisions\/933"}],"wp:attachment":[{"href":"https:\/\/www.ab-sailer.de\/index.php?rest_route=%2Fwp%2Fv2%2Fmedia&parent=2"}],"curies":[{"name":"wp","href":"https:\/\/api.w.org\/{rel}","templated":true}]}}